{"id":67,"date":"2024-09-16T14:13:45","date_gmt":"2024-09-16T14:13:45","guid":{"rendered":"https:\/\/autoschnellverkaufen.at\/?page_id=67"},"modified":"2024-09-16T14:13:45","modified_gmt":"2024-09-16T14:13:45","slug":"impressum","status":"publish","type":"page","link":"https:\/\/autoschnellverkaufen.at\/?page_id=67","title":{"rendered":"Impressum"},"content":{"rendered":"\n<!-- Legal document generated by Complianz | GDPR\/CCPA Cookie Consent https:\/\/wordpress.org\/plugins\/complianz-gdpr -->\n<div id=\"cmplz-document\" class=\"cmplz-document impressum cmplz-document-all\"><p><i>This imprint was last updated on September 16, 2024.<\/i><\/p><p class=\"cmplz-subtitle\">The owner of this website is:<\/p><p>TyxDesign Online Agentur eu.<br>Salzachstrasse 39<br>Austria<br>Email:&nbsp;a&#110;&#107;&#097;u&#102;&#064;&#097;u&#116;o&#115;chn&#101;&#108;&#108;v&#101;&#114;&#107;&#097;u&#102;en.a&#116;<br>Phone number: +43 664 997 017 39<br><\/p><p class=\"cmplz-subtitle\">The legal representative(s) of TyxDesign Online Agentur eu.:<\/p><p>Gerg\u00f6 Vasas<\/p><h2>1. General<\/h2><p class=\"cmplz-subtitle\">1.1 We are registered at Gewerbeinformationssystem Austria under the license or registration number:<\/p><p><\/p><p>We are not willing or obliged to participate in dispute resolution procedures before a consumer arbitration board.<\/p><h2>2. The following information is mandatory according to German law.<\/h2><h2>3. Additional information<\/h2><p>Rechtlicher Hinweis:<br \/>\nDie Website wird betrieben von der **TyxDesign Online Agentur**. Wir fungieren ausschlie\u00dflich als Vermittler zwischen Personen, die ihre Fahrzeuge verkaufen m\u00f6chten, und Unternehmen, die sich mit dem Ankauf von Fahrzeugen besch\u00e4ftigen. Die TyxDesign Online Agentur ist nicht der K\u00e4ufer der Fahrzeuge und \u00fcbernimmt keine Haftung f\u00fcr die zwischen den Verk\u00e4ufern und den K\u00e4ufern getroffenen Vereinbarungen. Wir stellen lediglich die Plattform und den Service zur Verf\u00fcgung, um den Kontakt zwischen den Parteien zu erm\u00f6glichen. <br \/>\n<br \/>\nAlle Vertragsabschl\u00fcsse, Preisvereinbarungen und andere relevanten Absprachen erfolgen direkt zwischen dem Verk\u00e4ufer und dem K\u00e4ufer. Die TyxDesign Online Agentur \u00fcbernimmt keine Verantwortung f\u00fcr die Rechtm\u00e4\u00dfigkeit, Genauigkeit oder Erf\u00fcllung der zwischen den Parteien geschlossenen Vertr\u00e4ge.<\/p><\/div>","protected":false},"excerpt":{"rendered":"","protected":false},"author":1,"featured_media":0,"parent":0,"menu_order":0,"comment_status":"closed","ping_status":"closed","template":"","meta":{"footnotes":""},"class_list":["post-67","page","type-page","status-publish","hentry"],"_links":{"self":[{"href":"https:\/\/autoschnellverkaufen.at\/index.php?rest_route=\/wp\/v2\/pages\/67","targetHints":{"allow":["GET"]}}],"collection":[{"href":"https:\/\/autoschnellverkaufen.at\/index.php?rest_route=\/wp\/v2\/pages"}],"about":[{"href":"https:\/\/autoschnellverkaufen.at\/index.php?rest_route=\/wp\/v2\/types\/page"}],"author":[{"embeddable":true,"href":"https:\/\/autoschnellverkaufen.at\/index.php?rest_route=\/wp\/v2\/users\/1"}],"replies":[{"embeddable":true,"href":"https:\/\/autoschnellverkaufen.at\/index.php?rest_route=%2Fwp%2Fv2%2Fcomments&post=67"}],"version-history":[{"count":0,"href":"https:\/\/autoschnellverkaufen.at\/index.php?rest_route=\/wp\/v2\/pages\/67\/revisions"}],"wp:attachment":[{"href":"https:\/\/autoschnellverkaufen.at\/index.php?rest_route=%2Fwp%2Fv2%2Fmedia&parent=67"}],"curies":[{"name":"wp","href":"https:\/\/api.w.org\/{rel}","templated":true}]}}